{"id":94,"date":"2022-03-07T13:44:09","date_gmt":"2022-03-07T12:44:09","guid":{"rendered":"https:\/\/ajdr-group.com\/?page_id=94"},"modified":"2026-03-16T10:48:08","modified_gmt":"2026-03-16T09:48:08","slug":"lagence","status":"publish","type":"page","link":"https:\/\/ajdr-group.com\/?page_id=94","title":{"rendered":"\u00c0 propos"},"content":{"rendered":"\n\n\t<section class=\"section has-parallax\" id=\"section_1288332581\">\n\t\t<div class=\"section-bg fill\" data-parallax-container=\".section\" data-parallax-background data-parallax=\"-4\">\n\t\t\t<img loading=\"lazy\" decoding=\"async\" width=\"1024\" height=\"1024\" src=\"https:\/\/ajdr-group.com\/wp-content\/uploads\/2026\/03\/le264-paris-champs-elysees.png\" class=\"bg attachment- size- has-transparency\" alt=\"le264-paris-champs-elysees\" data-has-transparency=\"true\" data-dominant-color=\"5d6d7f\" style=\"--dominant-color: #5d6d7f;\" \/>\t\t\t\t\t\t\n\t\t\t\n\n\t\t<\/div>\n\n\t\t\n\n\t\t<div class=\"section-content relative\">\n\t\t\t\n\n\n\t\t<\/div>\n\n\t\t\n<style>\n#section_1288332581 {\n  padding-top: 30px;\n  padding-bottom: 30px;\n  min-height: 300px;\n}\n#section_1288332581 .section-bg img {\n  object-position: 64% 49%;\n}\n@media (min-width:550px) {\n  #section_1288332581 {\n    min-height: 400px;\n  }\n}\n@media (min-width:850px) {\n  #section_1288332581 {\n    min-height: 500px;\n  }\n}\n<\/style>\n\t<\/section>\n\t\n\n\t<section class=\"section\" id=\"section_1612400082\">\n\t\t<div class=\"section-bg fill\" >\n\t\t\t\t\t\t\t\t\t\n\t\t\t\n\n\t\t<\/div>\n\n\t\t\n\n\t\t<div class=\"section-content relative\">\n\t\t\t\n\n<div class=\"row align-center\"  id=\"row-1657055669\">\n\n\n\t<div id=\"col-697233516\" class=\"col medium-12 small-12 large-6\"  >\n\t\t\t\t<div class=\"col-inner\"  >\n\t\t\t\n\t\t\t\n\n\t<div id=\"gap-673601984\" class=\"gap-element clearfix\" style=\"display:block; height:auto;\">\n\t\t\n<style>\n#gap-673601984 {\n  padding-top: 10px;\n}\n@media (min-width:550px) {\n  #gap-673601984 {\n    padding-top: 20px;\n  }\n}\n@media (min-width:850px) {\n  #gap-673601984 {\n    padding-top: 30px;\n  }\n}\n<\/style>\n\t<\/div>\n\t\n\n\t<div id=\"text-3508328059\" class=\"text\">\n\t\t\n\n<h1 data-section-id=\"uw98kq\" data-start=\"132\" data-end=\"177\">Une vision industrielle de l\u2019audiovisuel<\/h1>\n\t\t\n<style>\n#text-3508328059 {\n  font-size: 1.25rem;\n  text-align: center;\n}\n@media (min-width:550px) {\n  #text-3508328059 {\n    font-size: 1.55rem;\n  }\n}\n<\/style>\n\t<\/div>\n\t\n\n\t\t<\/div>\n\t\t\t\t\n<style>\n#col-697233516 > .col-inner {\n  padding: 0px 10% 0px 0px;\n}\n<\/style>\n\t<\/div>\n\n\t\n\n\t<div id=\"col-1162734286\" class=\"col medium-12 small-12 large-6\"  >\n\t\t\t\t<div class=\"col-inner\" style=\"background-color:rgb(0, 0, 0);\" >\n\t\t\t\n\t<div class=\"is-border\"\n\t\tstyle=\"border-color:rgb(255, 255, 255);border-width:10px 0px 0px 0px;\">\n\t<\/div>\n\t\t\t\n\n\t<div id=\"text-941515435\" class=\"text\">\n\t\t\n\n<h3>Nos services<\/h3>\n\t\t\n<style>\n#text-941515435 {\n  font-size: 1.25rem;\n  color: rgb(255, 255, 255);\n}\n#text-941515435 > * {\n  color: rgb(255, 255, 255);\n}\n<\/style>\n\t<\/div>\n\t\n\t<div id=\"text-806530784\" class=\"text\">\n\t\t\n\n<ul>\n<li class=\"bullet-checkmark\">Studio vid\u00e9o Le 264<\/li>\n<li class=\"bullet-checkmark\">Centre de formation<\/li>\n<li class=\"bullet-checkmark\">Int\u00e9gration de plateaux TV<\/li>\n<\/ul>\n\t\t\n<style>\n#text-806530784 {\n  color: rgb(255, 255, 255);\n}\n#text-806530784 > * {\n  color: rgb(255, 255, 255);\n}\n<\/style>\n\t<\/div>\n\t\n\n\t\t<\/div>\n\t\t\t\t\n<style>\n#col-1162734286 > .col-inner {\n  padding: 15% 10% 5% 10%;\n  margin: 0 0px 0px 0px;\n}\n@media (min-width:550px) {\n  #col-1162734286 > .col-inner {\n    padding: 10% 10% 8% 10%;\n  }\n}\n@media (min-width:850px) {\n  #col-1162734286 > .col-inner {\n    padding: 15% 15% 10% 15%;\n    margin: -172px 0px 0px 0px;\n  }\n}\n<\/style>\n\t<\/div>\n\n\t\n\n<\/div>\n\n\t\t<\/div>\n\n\t\t\n<style>\n#section_1612400082 {\n  padding-top: 30px;\n  padding-bottom: 30px;\n}\n<\/style>\n\t<\/section>\n\t\n\n\t<section class=\"section\" id=\"section_1451811525\">\n\t\t<div class=\"section-bg fill\" >\n\t\t\t\t\t\t\t\t\t\n\t\t\t\n\n\t\t<\/div>\n\n\t\t\n\n\t\t<div class=\"section-content relative\">\n\t\t\t\n\n\t<div id=\"gap-232060175\" class=\"gap-element clearfix\" style=\"display:block; height:auto;\">\n\t\t\n<style>\n#gap-232060175 {\n  padding-top: 30px;\n}\n<\/style>\n\t<\/div>\n\t\n\n<div class=\"row align-middle\"  id=\"row-1216283780\">\n\n\n\t<div id=\"col-1023234867\" class=\"col medium-12 small-12 large-9\"  >\n\t\t\t\t<div class=\"col-inner\"  >\n\t\t\t\n\t\t\t\n\n\t<div id=\"gap-575146459\" class=\"gap-element clearfix hide-for-small\" style=\"display:block; height:auto;\">\n\t\t\n<style>\n#gap-575146459 {\n  padding-top: 10px;\n}\n@media (min-width:850px) {\n  #gap-575146459 {\n    padding-top: 30px;\n  }\n}\n<\/style>\n\t<\/div>\n\t\n\n\t<div id=\"text-1901447694\" class=\"text\">\n\t\t\n\n<p><strong data-start=\"184\" data-end=\"241\">Production audiovisuelle : plus de 10 ans d\u2019expertise<\/strong><\/p>\n\t\t\n<style>\n#text-1901447694 {\n  font-size: 1.75rem;\n  line-height: 1.5;\n  color: rgb(255, 255, 255);\n}\n#text-1901447694 > * {\n  color: rgb(255, 255, 255);\n}\n@media (min-width:550px) {\n  #text-1901447694 {\n    font-size: 2rem;\n  }\n}\n<\/style>\n\t<\/div>\n\t\n\t<div id=\"text-800888421\" class=\"text\">\n\t\t\n\n<p data-start=\"179\" data-end=\"322\">Depuis plus de dix ans, Alexandre Jourdren d\u00e9veloppe une expertise dans la production audiovisuelle et les technologies de cr\u00e9ation de contenu.<\/p>\n<p data-start=\"324\" data-end=\"605\">En fondant AJDR GROUP en 2017, l\u2019objectif est clair : structurer une approche moderne et industrielle de l\u2019audiovisuel, capable de r\u00e9pondre aux nouveaux besoins des entreprises, des institutions et des organisations confront\u00e9es \u00e0 l\u2019explosion de la vid\u00e9o et des contenus num\u00e9riques.<\/p>\n<p data-start=\"607\" data-end=\"899\">Au c\u0153ur de cette dynamique, le studio constitue un v\u00e9ritable p\u00f4le de production et d\u2019innovation. Pens\u00e9 comme une infrastructure d\u00e9di\u00e9e \u00e0 la cr\u00e9ation de contenus professionnels, il permet de concevoir, produire et r\u00e9aliser des formats audiovisuels adapt\u00e9s aux nouveaux usages de communication.<\/p>\n<p data-start=\"901\" data-end=\"1128\">Cette expertise technique et op\u00e9rationnelle s\u2019inscrit dans une vision plus large : accompagner la transformation des organisations en leur donnant les moyens de produire leurs propres contenus dans des environnements ma\u00eetris\u00e9s.<\/p>\n<p data-start=\"1130\" data-end=\"1430\">\u00c0 partir de 2026, AJDR GROUP engage une nouvelle phase de d\u00e9veloppement avec le lancement de formations d\u00e9di\u00e9es aux m\u00e9tiers de la production audiovisuelle. Ces programmes visent \u00e0 transmettre les comp\u00e9tences n\u00e9cessaires pour concevoir, produire et piloter des dispositifs audiovisuels professionnels.<\/p>\n<p data-start=\"1432\" data-end=\"1830\">Dans les ann\u00e9es \u00e0 venir, le groupe pr\u00e9voit \u00e9galement de renforcer son positionnement comme acteur de la conception et de l\u2019installation d\u2019infrastructures audiovisuelles. Studios de tournage, plateaux podcast, dispositifs de captation et espaces de production int\u00e9gr\u00e9s : l\u2019ambition est de participer activement \u00e0 la structuration des nouveaux outils de communication audiovisuelle des organisations.<\/p>\n<p data-start=\"1832\" data-end=\"2056\">AJDR GROUP s\u2019inscrit ainsi dans une logique de d\u00e9veloppement \u00e0 long terme, combinant production, ing\u00e9nierie audiovisuelle et formation, afin de contribuer \u00e0 l\u2019\u00e9volution des usages et des infrastructures de l\u2019image et du son.<\/p>\n\t\t\n<style>\n#text-800888421 {\n  font-size: 1rem;\n  color: rgb(255, 255, 255);\n}\n#text-800888421 > * {\n  color: rgb(255, 255, 255);\n}\n<\/style>\n\t<\/div>\n\t\n\t<div id=\"gap-775498622\" class=\"gap-element clearfix\" style=\"display:block; height:auto;\">\n\t\t\n<style>\n#gap-775498622 {\n  padding-top: 10px;\n}\n<\/style>\n\t<\/div>\n\t\n\n\n\t\t<\/div>\n\t\t\t\t\t<\/div>\n\n\t\n\n\t<div id=\"col-448578711\" class=\"col medium-12 small-12 large-3 medium-col-first\"  >\n\t\t\t\t<div class=\"col-inner\"  >\n\t\t\t\n\t\t\t\n\n\t<div class=\"img has-hover x md-x lg-x y md-y lg-y\" id=\"image_797427392\">\n\t\t\t\t\t\t\t\t<div class=\"img-inner dark\" >\n\t\t\t<img loading=\"lazy\" decoding=\"async\" width=\"882\" height=\"721\" src=\"https:\/\/ajdr-group.com\/wp-content\/uploads\/2026\/03\/alex-oct-2024-reseaux.png\" class=\"attachment-original size-original has-transparency\" alt=\"Alexandre Jourdren ajdr group le 264\" srcset=\"https:\/\/ajdr-group.com\/wp-content\/uploads\/2026\/03\/alex-oct-2024-reseaux.png 882w, https:\/\/ajdr-group.com\/wp-content\/uploads\/2026\/03\/alex-oct-2024-reseaux-300x245.png 300w, https:\/\/ajdr-group.com\/wp-content\/uploads\/2026\/03\/alex-oct-2024-reseaux-768x628.png 768w\" sizes=\"auto, (max-width: 882px) 100vw, 882px\" data-has-transparency=\"true\" data-dominant-color=\"977d63\" style=\"--dominant-color: #977d63;\" \/>\t\t\t\t\t\t\n\t\t\t\t\t<\/div>\n\t\t\t\t\t\t\t\t\n<style>\n#image_797427392 {\n  width: 100%;\n}\n@media (min-width:550px) {\n  #image_797427392 {\n    width: 46%;\n  }\n}\n@media (min-width:850px) {\n  #image_797427392 {\n    width: 100%;\n  }\n}\n<\/style>\n\t<\/div>\n\t\n\n\n\t\t<\/div>\n\t\t\t\t\t<\/div>\n\n\t\n\n<\/div>\n\n\t\t<\/div>\n\n\t\t\n<style>\n#section_1451811525 {\n  padding-top: 20px;\n  padding-bottom: 20px;\n  background-color: rgb(0, 0, 0);\n}\n@media (min-width:550px) {\n  #section_1451811525 {\n    padding-top: 50px;\n    padding-bottom: 50px;\n  }\n}\n@media (min-width:850px) {\n  #section_1451811525 {\n    padding-top: 0px;\n    padding-bottom: 0px;\n  }\n}\n<\/style>\n\t<\/section>\n\t\n\n","protected":false},"excerpt":{"rendered":"","protected":false},"author":2,"featured_media":0,"parent":19,"menu_order":1,"comment_status":"closed","ping_status":"closed","template":"","meta":{"footnotes":""},"class_list":["post-94","page","type-page","status-publish","hentry"],"yoast_head":"<!-- This site is optimized with the Yoast SEO plugin v27.1.1 - https:\/\/yoast.com\/product\/yoast-seo-wordpress\/ -->\n<title>\u00c0 propos - AJDR GROUP<\/title>\n<meta name=\"description\" content=\"Chez AJDR GROUP, nous assurons que votre message brille et atteigne son public cible. Transformons ensemble votre vision en succ\u00e8s!\" \/>\n<meta name=\"robots\" content=\"index, follow, max-snippet:-1, max-image-preview:large, max-video-preview:-1\" \/>\n<link rel=\"canonical\" href=\"https:\/\/ajdr-group.com\/?page_id=94\" \/>\n<meta property=\"og:locale\" content=\"fr_FR\" \/>\n<meta property=\"og:type\" content=\"article\" \/>\n<meta property=\"og:title\" content=\"\u00c0 propos - AJDR GROUP\" \/>\n<meta property=\"og:description\" content=\"Chez AJDR GROUP, nous assurons que votre message brille et atteigne son public cible. Transformons ensemble votre vision en succ\u00e8s!\" \/>\n<meta property=\"og:url\" content=\"https:\/\/ajdr-group.com\/?page_id=94\" \/>\n<meta property=\"og:site_name\" content=\"AJDR GROUP\" \/>\n<meta property=\"article:modified_time\" content=\"2026-03-16T09:48:08+00:00\" \/>\n<meta name=\"twitter:card\" content=\"summary_large_image\" \/>\n<meta name=\"twitter:label1\" content=\"Dur\u00e9e de lecture estim\u00e9e\" \/>\n\t<meta name=\"twitter:data1\" content=\"3 minutes\" \/>\n<script type=\"application\/ld+json\" class=\"yoast-schema-graph\">{\"@context\":\"https:\/\/schema.org\",\"@graph\":[{\"@type\":\"WebPage\",\"@id\":\"https:\/\/ajdr-group.com\/?page_id=94\",\"url\":\"https:\/\/ajdr-group.com\/?page_id=94\",\"name\":\"\u00c0 propos - AJDR GROUP\",\"isPartOf\":{\"@id\":\"https:\/\/ajdr-group.com\/#website\"},\"datePublished\":\"2022-03-07T12:44:09+00:00\",\"dateModified\":\"2026-03-16T09:48:08+00:00\",\"description\":\"Chez AJDR GROUP, nous assurons que votre message brille et atteigne son public cible. Transformons ensemble votre vision en succ\u00e8s!\",\"breadcrumb\":{\"@id\":\"https:\/\/ajdr-group.com\/?page_id=94#breadcrumb\"},\"inLanguage\":\"fr-FR\",\"potentialAction\":[{\"@type\":\"ReadAction\",\"target\":[\"https:\/\/ajdr-group.com\/?page_id=94\"]}]},{\"@type\":\"BreadcrumbList\",\"@id\":\"https:\/\/ajdr-group.com\/?page_id=94#breadcrumb\",\"itemListElement\":[{\"@type\":\"ListItem\",\"position\":1,\"name\":\"Accueil\",\"item\":\"https:\/\/ajdr-group.com\/\"},{\"@type\":\"ListItem\",\"position\":2,\"name\":\"AJDR GROUP, votre producteur audiovisuel\",\"item\":\"https:\/\/ajdr-group.com\/\"},{\"@type\":\"ListItem\",\"position\":3,\"name\":\"\u00c0 propos\"}]},{\"@type\":\"WebSite\",\"@id\":\"https:\/\/ajdr-group.com\/#website\",\"url\":\"https:\/\/ajdr-group.com\/\",\"name\":\"AJDR GROUP\",\"description\":\"Soci\u00e9t\u00e9 de production audiovisuelle\",\"publisher\":{\"@id\":\"https:\/\/ajdr-group.com\/#organization\"},\"potentialAction\":[{\"@type\":\"SearchAction\",\"target\":{\"@type\":\"EntryPoint\",\"urlTemplate\":\"https:\/\/ajdr-group.com\/?s={search_term_string}\"},\"query-input\":{\"@type\":\"PropertyValueSpecification\",\"valueRequired\":true,\"valueName\":\"search_term_string\"}}],\"inLanguage\":\"fr-FR\"},{\"@type\":\"Organization\",\"@id\":\"https:\/\/ajdr-group.com\/#organization\",\"name\":\"AJDR GROUP\",\"url\":\"https:\/\/ajdr-group.com\/\",\"logo\":{\"@type\":\"ImageObject\",\"inLanguage\":\"fr-FR\",\"@id\":\"https:\/\/ajdr-group.com\/#\/schema\/logo\/image\/\",\"url\":\"https:\/\/ajdr-group.com\/wp-content\/uploads\/2018\/09\/cropped-AJDR-GROUP-v2-1.png\",\"contentUrl\":\"https:\/\/ajdr-group.com\/wp-content\/uploads\/2018\/09\/cropped-AJDR-GROUP-v2-1.png\",\"width\":512,\"height\":512,\"caption\":\"AJDR GROUP\"},\"image\":{\"@id\":\"https:\/\/ajdr-group.com\/#\/schema\/logo\/image\/\"}}]}<\/script>\n<!-- \/ Yoast SEO plugin. -->","yoast_head_json":{"title":"\u00c0 propos - AJDR GROUP","description":"Chez AJDR GROUP, nous assurons que votre message brille et atteigne son public cible. Transformons ensemble votre vision en succ\u00e8s!","robots":{"index":"index","follow":"follow","max-snippet":"max-snippet:-1","max-image-preview":"max-image-preview:large","max-video-preview":"max-video-preview:-1"},"canonical":"https:\/\/ajdr-group.com\/?page_id=94","og_locale":"fr_FR","og_type":"article","og_title":"\u00c0 propos - AJDR GROUP","og_description":"Chez AJDR GROUP, nous assurons que votre message brille et atteigne son public cible. Transformons ensemble votre vision en succ\u00e8s!","og_url":"https:\/\/ajdr-group.com\/?page_id=94","og_site_name":"AJDR GROUP","article_modified_time":"2026-03-16T09:48:08+00:00","twitter_card":"summary_large_image","twitter_misc":{"Dur\u00e9e de lecture estim\u00e9e":"3 minutes"},"schema":{"@context":"https:\/\/schema.org","@graph":[{"@type":"WebPage","@id":"https:\/\/ajdr-group.com\/?page_id=94","url":"https:\/\/ajdr-group.com\/?page_id=94","name":"\u00c0 propos - AJDR GROUP","isPartOf":{"@id":"https:\/\/ajdr-group.com\/#website"},"datePublished":"2022-03-07T12:44:09+00:00","dateModified":"2026-03-16T09:48:08+00:00","description":"Chez AJDR GROUP, nous assurons que votre message brille et atteigne son public cible. Transformons ensemble votre vision en succ\u00e8s!","breadcrumb":{"@id":"https:\/\/ajdr-group.com\/?page_id=94#breadcrumb"},"inLanguage":"fr-FR","potentialAction":[{"@type":"ReadAction","target":["https:\/\/ajdr-group.com\/?page_id=94"]}]},{"@type":"BreadcrumbList","@id":"https:\/\/ajdr-group.com\/?page_id=94#breadcrumb","itemListElement":[{"@type":"ListItem","position":1,"name":"Accueil","item":"https:\/\/ajdr-group.com\/"},{"@type":"ListItem","position":2,"name":"AJDR GROUP, votre producteur audiovisuel","item":"https:\/\/ajdr-group.com\/"},{"@type":"ListItem","position":3,"name":"\u00c0 propos"}]},{"@type":"WebSite","@id":"https:\/\/ajdr-group.com\/#website","url":"https:\/\/ajdr-group.com\/","name":"AJDR GROUP","description":"Soci\u00e9t\u00e9 de production audiovisuelle","publisher":{"@id":"https:\/\/ajdr-group.com\/#organization"},"potentialAction":[{"@type":"SearchAction","target":{"@type":"EntryPoint","urlTemplate":"https:\/\/ajdr-group.com\/?s={search_term_string}"},"query-input":{"@type":"PropertyValueSpecification","valueRequired":true,"valueName":"search_term_string"}}],"inLanguage":"fr-FR"},{"@type":"Organization","@id":"https:\/\/ajdr-group.com\/#organization","name":"AJDR GROUP","url":"https:\/\/ajdr-group.com\/","logo":{"@type":"ImageObject","inLanguage":"fr-FR","@id":"https:\/\/ajdr-group.com\/#\/schema\/logo\/image\/","url":"https:\/\/ajdr-group.com\/wp-content\/uploads\/2018\/09\/cropped-AJDR-GROUP-v2-1.png","contentUrl":"https:\/\/ajdr-group.com\/wp-content\/uploads\/2018\/09\/cropped-AJDR-GROUP-v2-1.png","width":512,"height":512,"caption":"AJDR GROUP"},"image":{"@id":"https:\/\/ajdr-group.com\/#\/schema\/logo\/image\/"}}]}},"_links":{"self":[{"href":"https:\/\/ajdr-group.com\/index.php?rest_route=\/wp\/v2\/pages\/94","targetHints":{"allow":["GET"]}}],"collection":[{"href":"https:\/\/ajdr-group.com\/index.php?rest_route=\/wp\/v2\/pages"}],"about":[{"href":"https:\/\/ajdr-group.com\/index.php?rest_route=\/wp\/v2\/types\/page"}],"author":[{"embeddable":true,"href":"https:\/\/ajdr-group.com\/index.php?rest_route=\/wp\/v2\/users\/2"}],"replies":[{"embeddable":true,"href":"https:\/\/ajdr-group.com\/index.php?rest_route=%2Fwp%2Fv2%2Fcomments&post=94"}],"version-history":[{"count":40,"href":"https:\/\/ajdr-group.com\/index.php?rest_route=\/wp\/v2\/pages\/94\/revisions"}],"predecessor-version":[{"id":491,"href":"https:\/\/ajdr-group.com\/index.php?rest_route=\/wp\/v2\/pages\/94\/revisions\/491"}],"up":[{"embeddable":true,"href":"https:\/\/ajdr-group.com\/index.php?rest_route=\/wp\/v2\/pages\/19"}],"wp:attachment":[{"href":"https:\/\/ajdr-group.com\/index.php?rest_route=%2Fwp%2Fv2%2Fmedia&parent=94"}],"curies":[{"name":"wp","href":"https:\/\/api.w.org\/{rel}","templated":true}]}}