{"id":401,"date":"2024-03-07T01:14:41","date_gmt":"2024-03-07T00:14:41","guid":{"rendered":"https:\/\/ajdr-group.com\/?page_id=401"},"modified":"2024-03-13T11:41:04","modified_gmt":"2024-03-13T10:41:04","slug":"mentions-legales","status":"publish","type":"page","link":"https:\/\/ajdr-group.com\/?page_id=401","title":{"rendered":"Mentions l\u00e9gales"},"content":{"rendered":"\n<h1 class=\"wp-block-heading\">Mentions l\u00e9gales<\/h1>\n<p>Conform\u00e9ment aux dispositions de la loi n\u00b0 2004-575 du 21 juin 2004 pour la confiance en l\u2019\u00e9conomie num\u00e9rique, il est pr\u00e9cis\u00e9 aux utilisateurs du site https:\/\/ajdr-group.com l\u2019identit\u00e9 des diff\u00e9rents intervenants dans le cadre de sa r\u00e9alisation et de son suivi.<\/p>\n<h3 class=\"wp-block-heading\">\u00c9dition du site<\/h3>\n<p>Le site https:\/\/ajdr-group.com est \u00e9dit\u00e9 par la soci\u00e9t\u00e9 AJDR GROUP, dont le si\u00e8ge social est situ\u00e9 au 5 rue Kepler 75116 Paris, immatricul\u00e9e au registre du commerce et des soci\u00e9t\u00e9s sous le num\u00e9ro d\u2019identification unique B 827 516 907 Paris.<\/p>\n<p>Le 264 studio vid\u00e9o est une marque d\u00e9pos\u00e9e par la soci\u00e9t\u00e9 <a href=\"http:\/\/ajdr-group.com\">AJDR GROUP<\/a>.<\/p>\n<h3 class=\"wp-block-heading\">Responsable de publication<\/h3>\n<p>Alexandre Jourdren<\/p>\n<h3 class=\"wp-block-heading\">H\u00e9bergeur<\/h3>\n<p>Le site <a href=\"https:\/\/www.legalplace.fr\/\">le264.com<\/a> est h\u00e9berg\u00e9 par la soci\u00e9t\u00e9 OVH<\/p>\n<p>SAS au capital de 10 069 020 \u20ac<br \/>RCS Lille M\u00e9tropole 424 761 419 00045<br \/>Code APE 2620Z<br \/>N\u00b0 TVA : FR 22 424 761 419<br \/>Si\u00e8ge social : 2 rue Kellermann \u2013 59100 Roubaix \u2013 France<\/p>\n<h3 class=\"wp-block-heading\">Nous contacter<\/h3>\n<ul>\n<li>Via formulaire de contact <a href=\"https:\/\/ajdr-group.com\/?page_id=275\">en cliquant ici<\/a><\/li>\n<\/ul>\n\n","protected":false},"excerpt":{"rendered":"","protected":false},"author":2,"featured_media":0,"parent":0,"menu_order":0,"comment_status":"closed","ping_status":"closed","template":"","meta":{"footnotes":""},"class_list":["post-401","page","type-page","status-publish","hentry"],"yoast_head":"<!-- This site is optimized with the Yoast SEO plugin v27.1.1 - https:\/\/yoast.com\/product\/yoast-seo-wordpress\/ -->\n<title>Mentions l\u00e9gales - AJDR GROUP<\/title>\n<meta name=\"robots\" content=\"index, follow, max-snippet:-1, max-image-preview:large, max-video-preview:-1\" \/>\n<link rel=\"canonical\" href=\"https:\/\/ajdr-group.com\/?page_id=401\" \/>\n<meta property=\"og:locale\" content=\"fr_FR\" \/>\n<meta property=\"og:type\" content=\"article\" \/>\n<meta property=\"og:title\" content=\"Mentions l\u00e9gales - AJDR GROUP\" \/>\n<meta property=\"og:url\" content=\"https:\/\/ajdr-group.com\/?page_id=401\" \/>\n<meta property=\"og:site_name\" content=\"AJDR GROUP\" \/>\n<meta property=\"article:modified_time\" content=\"2024-03-13T10:41:04+00:00\" \/>\n<meta name=\"twitter:card\" content=\"summary_large_image\" \/>\n<meta name=\"twitter:label1\" content=\"Dur\u00e9e de lecture estim\u00e9e\" \/>\n\t<meta name=\"twitter:data1\" content=\"1 minute\" \/>\n<script type=\"application\/ld+json\" class=\"yoast-schema-graph\">{\"@context\":\"https:\/\/schema.org\",\"@graph\":[{\"@type\":\"WebPage\",\"@id\":\"https:\/\/ajdr-group.com\/?page_id=401\",\"url\":\"https:\/\/ajdr-group.com\/?page_id=401\",\"name\":\"Mentions l\u00e9gales - AJDR GROUP\",\"isPartOf\":{\"@id\":\"https:\/\/ajdr-group.com\/#website\"},\"datePublished\":\"2024-03-07T00:14:41+00:00\",\"dateModified\":\"2024-03-13T10:41:04+00:00\",\"breadcrumb\":{\"@id\":\"https:\/\/ajdr-group.com\/?page_id=401#breadcrumb\"},\"inLanguage\":\"fr-FR\",\"potentialAction\":[{\"@type\":\"ReadAction\",\"target\":[\"https:\/\/ajdr-group.com\/?page_id=401\"]}]},{\"@type\":\"BreadcrumbList\",\"@id\":\"https:\/\/ajdr-group.com\/?page_id=401#breadcrumb\",\"itemListElement\":[{\"@type\":\"ListItem\",\"position\":1,\"name\":\"Accueil\",\"item\":\"https:\/\/ajdr-group.com\/\"},{\"@type\":\"ListItem\",\"position\":2,\"name\":\"Mentions l\u00e9gales\"}]},{\"@type\":\"WebSite\",\"@id\":\"https:\/\/ajdr-group.com\/#website\",\"url\":\"https:\/\/ajdr-group.com\/\",\"name\":\"AJDR GROUP\",\"description\":\"Soci\u00e9t\u00e9 de production audiovisuelle\",\"publisher\":{\"@id\":\"https:\/\/ajdr-group.com\/#organization\"},\"potentialAction\":[{\"@type\":\"SearchAction\",\"target\":{\"@type\":\"EntryPoint\",\"urlTemplate\":\"https:\/\/ajdr-group.com\/?s={search_term_string}\"},\"query-input\":{\"@type\":\"PropertyValueSpecification\",\"valueRequired\":true,\"valueName\":\"search_term_string\"}}],\"inLanguage\":\"fr-FR\"},{\"@type\":\"Organization\",\"@id\":\"https:\/\/ajdr-group.com\/#organization\",\"name\":\"AJDR GROUP\",\"url\":\"https:\/\/ajdr-group.com\/\",\"logo\":{\"@type\":\"ImageObject\",\"inLanguage\":\"fr-FR\",\"@id\":\"https:\/\/ajdr-group.com\/#\/schema\/logo\/image\/\",\"url\":\"https:\/\/ajdr-group.com\/wp-content\/uploads\/2018\/09\/cropped-AJDR-GROUP-v2-1.png\",\"contentUrl\":\"https:\/\/ajdr-group.com\/wp-content\/uploads\/2018\/09\/cropped-AJDR-GROUP-v2-1.png\",\"width\":512,\"height\":512,\"caption\":\"AJDR GROUP\"},\"image\":{\"@id\":\"https:\/\/ajdr-group.com\/#\/schema\/logo\/image\/\"}}]}<\/script>\n<!-- \/ Yoast SEO plugin. -->","yoast_head_json":{"title":"Mentions l\u00e9gales - AJDR GROUP","robots":{"index":"index","follow":"follow","max-snippet":"max-snippet:-1","max-image-preview":"max-image-preview:large","max-video-preview":"max-video-preview:-1"},"canonical":"https:\/\/ajdr-group.com\/?page_id=401","og_locale":"fr_FR","og_type":"article","og_title":"Mentions l\u00e9gales - AJDR GROUP","og_url":"https:\/\/ajdr-group.com\/?page_id=401","og_site_name":"AJDR GROUP","article_modified_time":"2024-03-13T10:41:04+00:00","twitter_card":"summary_large_image","twitter_misc":{"Dur\u00e9e de lecture estim\u00e9e":"1 minute"},"schema":{"@context":"https:\/\/schema.org","@graph":[{"@type":"WebPage","@id":"https:\/\/ajdr-group.com\/?page_id=401","url":"https:\/\/ajdr-group.com\/?page_id=401","name":"Mentions l\u00e9gales - AJDR GROUP","isPartOf":{"@id":"https:\/\/ajdr-group.com\/#website"},"datePublished":"2024-03-07T00:14:41+00:00","dateModified":"2024-03-13T10:41:04+00:00","breadcrumb":{"@id":"https:\/\/ajdr-group.com\/?page_id=401#breadcrumb"},"inLanguage":"fr-FR","potentialAction":[{"@type":"ReadAction","target":["https:\/\/ajdr-group.com\/?page_id=401"]}]},{"@type":"BreadcrumbList","@id":"https:\/\/ajdr-group.com\/?page_id=401#breadcrumb","itemListElement":[{"@type":"ListItem","position":1,"name":"Accueil","item":"https:\/\/ajdr-group.com\/"},{"@type":"ListItem","position":2,"name":"Mentions l\u00e9gales"}]},{"@type":"WebSite","@id":"https:\/\/ajdr-group.com\/#website","url":"https:\/\/ajdr-group.com\/","name":"AJDR GROUP","description":"Soci\u00e9t\u00e9 de production audiovisuelle","publisher":{"@id":"https:\/\/ajdr-group.com\/#organization"},"potentialAction":[{"@type":"SearchAction","target":{"@type":"EntryPoint","urlTemplate":"https:\/\/ajdr-group.com\/?s={search_term_string}"},"query-input":{"@type":"PropertyValueSpecification","valueRequired":true,"valueName":"search_term_string"}}],"inLanguage":"fr-FR"},{"@type":"Organization","@id":"https:\/\/ajdr-group.com\/#organization","name":"AJDR GROUP","url":"https:\/\/ajdr-group.com\/","logo":{"@type":"ImageObject","inLanguage":"fr-FR","@id":"https:\/\/ajdr-group.com\/#\/schema\/logo\/image\/","url":"https:\/\/ajdr-group.com\/wp-content\/uploads\/2018\/09\/cropped-AJDR-GROUP-v2-1.png","contentUrl":"https:\/\/ajdr-group.com\/wp-content\/uploads\/2018\/09\/cropped-AJDR-GROUP-v2-1.png","width":512,"height":512,"caption":"AJDR GROUP"},"image":{"@id":"https:\/\/ajdr-group.com\/#\/schema\/logo\/image\/"}}]}},"_links":{"self":[{"href":"https:\/\/ajdr-group.com\/index.php?rest_route=\/wp\/v2\/pages\/401","targetHints":{"allow":["GET"]}}],"collection":[{"href":"https:\/\/ajdr-group.com\/index.php?rest_route=\/wp\/v2\/pages"}],"about":[{"href":"https:\/\/ajdr-group.com\/index.php?rest_route=\/wp\/v2\/types\/page"}],"author":[{"embeddable":true,"href":"https:\/\/ajdr-group.com\/index.php?rest_route=\/wp\/v2\/users\/2"}],"replies":[{"embeddable":true,"href":"https:\/\/ajdr-group.com\/index.php?rest_route=%2Fwp%2Fv2%2Fcomments&post=401"}],"version-history":[{"count":3,"href":"https:\/\/ajdr-group.com\/index.php?rest_route=\/wp\/v2\/pages\/401\/revisions"}],"predecessor-version":[{"id":404,"href":"https:\/\/ajdr-group.com\/index.php?rest_route=\/wp\/v2\/pages\/401\/revisions\/404"}],"wp:attachment":[{"href":"https:\/\/ajdr-group.com\/index.php?rest_route=%2Fwp%2Fv2%2Fmedia&parent=401"}],"curies":[{"name":"wp","href":"https:\/\/api.w.org\/{rel}","templated":true}]}}