{"id":275,"date":"2024-03-06T17:33:26","date_gmt":"2024-03-06T16:33:26","guid":{"rendered":"https:\/\/ajdr-group.com\/?page_id=275"},"modified":"2026-03-10T14:11:49","modified_gmt":"2026-03-10T13:11:49","slug":"contact","status":"publish","type":"page","link":"https:\/\/ajdr-group.com\/?page_id=275","title":{"rendered":"Contact"},"content":{"rendered":"\n\n\t<section class=\"section\" id=\"section_1111980128\">\n\t\t<div class=\"section-bg fill\" >\n\t\t\t<img loading=\"lazy\" decoding=\"async\" width=\"1920\" height=\"954\" src=\"https:\/\/ajdr-group.com\/wp-content\/uploads\/2018\/09\/PARIS-AJDR-GROUP.jpg\" class=\"bg attachment- size-\" alt=\"PARIS-AJDR-GROUP\" \/>\t\t\t\t\t\t\n\t\t\t\n\n\t\t<\/div>\n\n\t\t\n\n\t\t<div class=\"section-content relative\">\n\t\t\t\n\n\t<div id=\"gap-814772554\" class=\"gap-element clearfix\" style=\"display:block; height:auto;\">\n\t\t\n<style>\n#gap-814772554 {\n  padding-top: 30px;\n}\n<\/style>\n\t<\/div>\n\t\n\n<div class=\"row\"  id=\"row-733905311\">\n\n\n\t<div id=\"col-378690953\" class=\"col small-12 large-12\"  >\n\t\t\t\t<div class=\"col-inner\" style=\"background-color:rgba(255, 255, 255, 0.9);\" >\n\t\t\t\n\t\t\t\n\n<div class=\"row align-middle align-center\"  id=\"row-497232576\">\n\n\n\t<div id=\"col-711120314\" class=\"col medium-9 small-12 large-6\"  >\n\t\t\t\t<div class=\"col-inner text-center\"  >\n\t\t\t\n\t\t\t\n\n\t<div id=\"text-818024023\" class=\"text\">\n\t\t\n\n<h2>Contactez-nous<\/h2>\n\t\t\n<style>\n#text-818024023 {\n  font-size: 1.5rem;\n}\n<\/style>\n\t<\/div>\n\t\n\t<div id=\"text-3209139678\" class=\"text\">\n\t\t\n\n<h3><strong>AJDR GROUP<\/strong><\/h3>\n<h3>5 rue Kepler<\/h3>\n<h3>75116 Paris<\/h3>\n\t\t\n<style>\n#text-3209139678 {\n  line-height: 1.45;\n  text-align: center;\n}\n<\/style>\n\t<\/div>\n\t\n\t<div id=\"gap-415938715\" class=\"gap-element clearfix\" style=\"display:block; height:auto;\">\n\t\t\n<style>\n#gap-415938715 {\n  padding-top: 37px;\n}\n<\/style>\n\t<\/div>\n\t\n\n<a href=\"https:\/\/calendly.com\/le264\/rdv\" target=\"_blank\" class=\"button alert\" rel=\"noopener\" style=\"border-radius:15px;\">\n\t\t<span>Prendre un RDV<\/span>\n\t<\/a>\n\n\n\n\t\t<\/div>\n\t\t\t\t\n<style>\n#col-711120314 > .col-inner {\n  padding: 0px 0px 0px 0px;\n}\n@media (min-width:550px) {\n  #col-711120314 > .col-inner {\n    padding: 40px 0px 0px 0px;\n  }\n}\n@media (min-width:850px) {\n  #col-711120314 > .col-inner {\n    padding: 0px 10% 0px 5%;\n  }\n}\n<\/style>\n\t<\/div>\n\n\t\n\n<\/div>\n\n\t\t<\/div>\n\t\t\t\t\n<style>\n#col-378690953 > .col-inner {\n  padding: 50px 30px 0px 30px;\n  border-radius: 10px;\n}\n@media (min-width:550px) {\n  #col-378690953 > .col-inner {\n    padding: 30px 30px 0px 30px;\n  }\n}\n@media (min-width:850px) {\n  #col-378690953 > .col-inner {\n    padding: 60px 60px 20px 60px;\n  }\n}\n<\/style>\n\t<\/div>\n\n\t\n\n<\/div>\n\n\t\t<\/div>\n\n\t\t\n<style>\n#section_1111980128 {\n  padding-top: 50px;\n  padding-bottom: 50px;\n  min-height: 450px;\n}\n<\/style>\n\t<\/section>\n\t\n\n","protected":false},"excerpt":{"rendered":"","protected":false},"author":2,"featured_media":0,"parent":19,"menu_order":4,"comment_status":"closed","ping_status":"closed","template":"","meta":{"footnotes":""},"class_list":["post-275","page","type-page","status-publish","hentry"],"yoast_head":"<!-- This site is optimized with the Yoast SEO plugin v27.1.1 - https:\/\/yoast.com\/product\/yoast-seo-wordpress\/ -->\n<title>Contact - AJDR GROUP<\/title>\n<meta name=\"description\" content=\"Contactez-nous. L&#039;agence AJDR GROUP et le studio Le 264 se trouvent au 5 rue Kepler 75116 Paris \u00e0 deux pas des Champs-\u00c9lys\u00e9es.\" \/>\n<meta name=\"robots\" content=\"index, follow, max-snippet:-1, max-image-preview:large, max-video-preview:-1\" \/>\n<link rel=\"canonical\" href=\"https:\/\/ajdr-group.com\/?page_id=275\" \/>\n<meta property=\"og:locale\" content=\"fr_FR\" \/>\n<meta property=\"og:type\" content=\"article\" \/>\n<meta property=\"og:title\" content=\"Contact - AJDR GROUP\" \/>\n<meta property=\"og:description\" content=\"Contactez-nous. L&#039;agence AJDR GROUP et le studio Le 264 se trouvent au 5 rue Kepler 75116 Paris \u00e0 deux pas des Champs-\u00c9lys\u00e9es.\" \/>\n<meta property=\"og:url\" content=\"https:\/\/ajdr-group.com\/?page_id=275\" \/>\n<meta property=\"og:site_name\" content=\"AJDR GROUP\" \/>\n<meta property=\"article:modified_time\" content=\"2026-03-10T13:11:49+00:00\" \/>\n<meta name=\"twitter:card\" content=\"summary_large_image\" \/>\n<meta name=\"twitter:label1\" content=\"Dur\u00e9e de lecture estim\u00e9e\" \/>\n\t<meta name=\"twitter:data1\" content=\"1 minute\" \/>\n<script type=\"application\/ld+json\" class=\"yoast-schema-graph\">{\"@context\":\"https:\/\/schema.org\",\"@graph\":[{\"@type\":\"WebPage\",\"@id\":\"https:\/\/ajdr-group.com\/?page_id=275\",\"url\":\"https:\/\/ajdr-group.com\/?page_id=275\",\"name\":\"Contact - AJDR GROUP\",\"isPartOf\":{\"@id\":\"https:\/\/ajdr-group.com\/#website\"},\"datePublished\":\"2024-03-06T16:33:26+00:00\",\"dateModified\":\"2026-03-10T13:11:49+00:00\",\"description\":\"Contactez-nous. L'agence AJDR GROUP et le studio Le 264 se trouvent au 5 rue Kepler 75116 Paris \u00e0 deux pas des Champs-\u00c9lys\u00e9es.\",\"breadcrumb\":{\"@id\":\"https:\/\/ajdr-group.com\/?page_id=275#breadcrumb\"},\"inLanguage\":\"fr-FR\",\"potentialAction\":[{\"@type\":\"ReadAction\",\"target\":[\"https:\/\/ajdr-group.com\/?page_id=275\"]}]},{\"@type\":\"BreadcrumbList\",\"@id\":\"https:\/\/ajdr-group.com\/?page_id=275#breadcrumb\",\"itemListElement\":[{\"@type\":\"ListItem\",\"position\":1,\"name\":\"Accueil\",\"item\":\"https:\/\/ajdr-group.com\/\"},{\"@type\":\"ListItem\",\"position\":2,\"name\":\"AJDR GROUP, votre producteur audiovisuel\",\"item\":\"https:\/\/ajdr-group.com\/\"},{\"@type\":\"ListItem\",\"position\":3,\"name\":\"Contact\"}]},{\"@type\":\"WebSite\",\"@id\":\"https:\/\/ajdr-group.com\/#website\",\"url\":\"https:\/\/ajdr-group.com\/\",\"name\":\"AJDR GROUP\",\"description\":\"Soci\u00e9t\u00e9 de production audiovisuelle\",\"publisher\":{\"@id\":\"https:\/\/ajdr-group.com\/#organization\"},\"potentialAction\":[{\"@type\":\"SearchAction\",\"target\":{\"@type\":\"EntryPoint\",\"urlTemplate\":\"https:\/\/ajdr-group.com\/?s={search_term_string}\"},\"query-input\":{\"@type\":\"PropertyValueSpecification\",\"valueRequired\":true,\"valueName\":\"search_term_string\"}}],\"inLanguage\":\"fr-FR\"},{\"@type\":\"Organization\",\"@id\":\"https:\/\/ajdr-group.com\/#organization\",\"name\":\"AJDR GROUP\",\"url\":\"https:\/\/ajdr-group.com\/\",\"logo\":{\"@type\":\"ImageObject\",\"inLanguage\":\"fr-FR\",\"@id\":\"https:\/\/ajdr-group.com\/#\/schema\/logo\/image\/\",\"url\":\"https:\/\/ajdr-group.com\/wp-content\/uploads\/2018\/09\/cropped-AJDR-GROUP-v2-1.png\",\"contentUrl\":\"https:\/\/ajdr-group.com\/wp-content\/uploads\/2018\/09\/cropped-AJDR-GROUP-v2-1.png\",\"width\":512,\"height\":512,\"caption\":\"AJDR GROUP\"},\"image\":{\"@id\":\"https:\/\/ajdr-group.com\/#\/schema\/logo\/image\/\"}}]}<\/script>\n<!-- \/ Yoast SEO plugin. -->","yoast_head_json":{"title":"Contact - AJDR GROUP","description":"Contactez-nous. L'agence AJDR GROUP et le studio Le 264 se trouvent au 5 rue Kepler 75116 Paris \u00e0 deux pas des Champs-\u00c9lys\u00e9es.","robots":{"index":"index","follow":"follow","max-snippet":"max-snippet:-1","max-image-preview":"max-image-preview:large","max-video-preview":"max-video-preview:-1"},"canonical":"https:\/\/ajdr-group.com\/?page_id=275","og_locale":"fr_FR","og_type":"article","og_title":"Contact - AJDR GROUP","og_description":"Contactez-nous. L'agence AJDR GROUP et le studio Le 264 se trouvent au 5 rue Kepler 75116 Paris \u00e0 deux pas des Champs-\u00c9lys\u00e9es.","og_url":"https:\/\/ajdr-group.com\/?page_id=275","og_site_name":"AJDR GROUP","article_modified_time":"2026-03-10T13:11:49+00:00","twitter_card":"summary_large_image","twitter_misc":{"Dur\u00e9e de lecture estim\u00e9e":"1 minute"},"schema":{"@context":"https:\/\/schema.org","@graph":[{"@type":"WebPage","@id":"https:\/\/ajdr-group.com\/?page_id=275","url":"https:\/\/ajdr-group.com\/?page_id=275","name":"Contact - AJDR GROUP","isPartOf":{"@id":"https:\/\/ajdr-group.com\/#website"},"datePublished":"2024-03-06T16:33:26+00:00","dateModified":"2026-03-10T13:11:49+00:00","description":"Contactez-nous. L'agence AJDR GROUP et le studio Le 264 se trouvent au 5 rue Kepler 75116 Paris \u00e0 deux pas des Champs-\u00c9lys\u00e9es.","breadcrumb":{"@id":"https:\/\/ajdr-group.com\/?page_id=275#breadcrumb"},"inLanguage":"fr-FR","potentialAction":[{"@type":"ReadAction","target":["https:\/\/ajdr-group.com\/?page_id=275"]}]},{"@type":"BreadcrumbList","@id":"https:\/\/ajdr-group.com\/?page_id=275#breadcrumb","itemListElement":[{"@type":"ListItem","position":1,"name":"Accueil","item":"https:\/\/ajdr-group.com\/"},{"@type":"ListItem","position":2,"name":"AJDR GROUP, votre producteur audiovisuel","item":"https:\/\/ajdr-group.com\/"},{"@type":"ListItem","position":3,"name":"Contact"}]},{"@type":"WebSite","@id":"https:\/\/ajdr-group.com\/#website","url":"https:\/\/ajdr-group.com\/","name":"AJDR GROUP","description":"Soci\u00e9t\u00e9 de production audiovisuelle","publisher":{"@id":"https:\/\/ajdr-group.com\/#organization"},"potentialAction":[{"@type":"SearchAction","target":{"@type":"EntryPoint","urlTemplate":"https:\/\/ajdr-group.com\/?s={search_term_string}"},"query-input":{"@type":"PropertyValueSpecification","valueRequired":true,"valueName":"search_term_string"}}],"inLanguage":"fr-FR"},{"@type":"Organization","@id":"https:\/\/ajdr-group.com\/#organization","name":"AJDR GROUP","url":"https:\/\/ajdr-group.com\/","logo":{"@type":"ImageObject","inLanguage":"fr-FR","@id":"https:\/\/ajdr-group.com\/#\/schema\/logo\/image\/","url":"https:\/\/ajdr-group.com\/wp-content\/uploads\/2018\/09\/cropped-AJDR-GROUP-v2-1.png","contentUrl":"https:\/\/ajdr-group.com\/wp-content\/uploads\/2018\/09\/cropped-AJDR-GROUP-v2-1.png","width":512,"height":512,"caption":"AJDR GROUP"},"image":{"@id":"https:\/\/ajdr-group.com\/#\/schema\/logo\/image\/"}}]}},"_links":{"self":[{"href":"https:\/\/ajdr-group.com\/index.php?rest_route=\/wp\/v2\/pages\/275","targetHints":{"allow":["GET"]}}],"collection":[{"href":"https:\/\/ajdr-group.com\/index.php?rest_route=\/wp\/v2\/pages"}],"about":[{"href":"https:\/\/ajdr-group.com\/index.php?rest_route=\/wp\/v2\/types\/page"}],"author":[{"embeddable":true,"href":"https:\/\/ajdr-group.com\/index.php?rest_route=\/wp\/v2\/users\/2"}],"replies":[{"embeddable":true,"href":"https:\/\/ajdr-group.com\/index.php?rest_route=%2Fwp%2Fv2%2Fcomments&post=275"}],"version-history":[{"count":20,"href":"https:\/\/ajdr-group.com\/index.php?rest_route=\/wp\/v2\/pages\/275\/revisions"}],"predecessor-version":[{"id":462,"href":"https:\/\/ajdr-group.com\/index.php?rest_route=\/wp\/v2\/pages\/275\/revisions\/462"}],"up":[{"embeddable":true,"href":"https:\/\/ajdr-group.com\/index.php?rest_route=\/wp\/v2\/pages\/19"}],"wp:attachment":[{"href":"https:\/\/ajdr-group.com\/index.php?rest_route=%2Fwp%2Fv2%2Fmedia&parent=275"}],"curies":[{"name":"wp","href":"https:\/\/api.w.org\/{rel}","templated":true}]}}