{"id":19,"date":"2018-09-25T13:53:11","date_gmt":"2018-09-25T11:53:11","guid":{"rendered":"http:\/\/ajdr-group.com\/?page_id=19"},"modified":"2026-03-16T10:49:46","modified_gmt":"2026-03-16T09:49:46","slug":"acc","status":"publish","type":"page","link":"https:\/\/ajdr-group.com\/","title":{"rendered":"AJDR GROUP, votre producteur audiovisuel"},"content":{"rendered":"\n\n  <div class=\"banner has-hover has-parallax\" id=\"banner-1248036737\">\n          <div class=\"banner-inner fill\">\n        <div class=\"banner-bg fill\" data-parallax=\"-3\" data-parallax-container=\".banner\" data-parallax-background>\n            <img loading=\"lazy\" decoding=\"async\" width=\"2560\" height=\"1440\" src=\"https:\/\/ajdr-group.com\/wp-content\/uploads\/2026\/03\/LE264_PODCAST-BLANC-4-FAUTEUILS-ARCHE-scaled.webp\" class=\"bg attachment-original size-original not-transparent\" alt=\"\" data-has-transparency=\"false\" data-dominant-color=\"bc938a\" style=\"--dominant-color: #bc938a;\" \/>                        <div class=\"overlay\"><\/div>            \n                    <\/div>\n\t\t\n        <div class=\"banner-layers container\">\n            <div class=\"fill banner-link\"><\/div>            \n\n   <div id=\"text-box-309835122\" class=\"text-box banner-layer x50 md-x10 lg-x10 y50 md-y50 lg-y50 res-text\">\n                     <div data-animate=\"fadeInLeft\">           <div class=\"text-box-content text dark\">\n              \n              <div class=\"text-inner text-center\">\n                  \n\n<h1><strong>PRODUCTION AUDIOVISUELLE<\/strong><\/h1>\n<div class=\"flex flex-grow flex-col max-w-full\">\n<div class=\"min-h-&#091;20px&#093; text-message flex flex-col items-start gap-3 whitespace-pre-wrap break-words &#091;.text-message+&amp;&#093;:mt-5 overflow-x-auto\" data-message-author-role=\"assistant\" data-message-id=\"afa306f2-a1fa-4d6c-bb52-0a6846795873\">\n<div class=\"markdown prose w-full break-words dark:prose-invert light\">\n<p>Nous cr\u00e9ons pour vous du <strong>contenu audiovisuel de qualit\u00e9<\/strong>, qui capte l\u2019attention et <strong>g\u00e9n\u00e8re des milliers de vues<\/strong> gr\u00e2ce \u00e0 notre r\u00e9seau de <strong>partenaires m\u00e9dias<\/strong>.<\/p>\n<\/div>\n<\/div>\n<\/div>\n<a href=\"https:\/\/ajdr-group.com\/?page_id=94\" class=\"button white\" style=\"border-radius:99px;\">\n\t\t<span>D\u00e9couvrir<\/span>\n\t<\/a>\n\n\n\n              <\/div>\n           <\/div>\n       <\/div>                     \n<style>\n#text-box-309835122 {\n  width: 80%;\n}\n#text-box-309835122 .text-box-content {\n  font-size: 100%;\n}\n@media (min-width:550px) {\n  #text-box-309835122 {\n    width: 68%;\n  }\n}\n<\/style>\n    <\/div>\n \n\n        <\/div>\n      <\/div>\n\n            \n<style>\n#banner-1248036737 {\n  padding-top: 540px;\n}\n#banner-1248036737 .overlay {\n  background-color: rgba(0, 0, 0, 0.3);\n}\n#banner-1248036737 .banner-bg img {\n  object-position: 59% 59%;\n}\n@media (min-width:550px) {\n  #banner-1248036737 .overlay {\n    background-color: rgba(0,0,0,.5);\n  }\n}\n<\/style>\n  <\/div>\n\n\n\n  <div class=\"banner has-hover has-parallax\" id=\"banner-368325152\">\n          <div class=\"banner-inner fill\">\n        <div class=\"banner-bg fill\" data-parallax=\"-3\" data-parallax-container=\".banner\" data-parallax-background>\n            <img loading=\"lazy\" decoding=\"async\" width=\"1020\" height=\"594\" src=\"https:\/\/ajdr-group.com\/wp-content\/uploads\/2026\/03\/plateau-webinaire-le-264-1024x596.png\" class=\"bg attachment-large size-large not-transparent\" alt=\"\" data-has-transparency=\"false\" data-dominant-color=\"396488\" style=\"--dominant-color: #396488;\" \/>                        <div class=\"overlay\"><\/div>            \n                    <\/div>\n\t\t\n        <div class=\"banner-layers container\">\n            <div class=\"fill banner-link\"><\/div>            \n\n   <div id=\"text-box-345214355\" class=\"text-box banner-layer x50 md-x10 lg-x10 y50 md-y50 lg-y50 res-text\">\n                                <div class=\"text-box-content text dark\">\n              \n              <div class=\"text-inner text-center\">\n                  \n\n<h2 class=\"uppercase\"><strong>Le 264<\/strong><\/h2>\n<p><strong>Le studio vid\u00e9o Le 264 <\/strong>est le choix parfait pour vos enregistrements vid\u00e9o \u00e0 Paris. Notre \u00e9quipement haut de gamme et <strong>notre expertise s\u2019adaptent \u00e0 vos besoins<\/strong> et objectifs de communication.<\/p>\n<a href=\"https:\/\/ajdr-group.com\/?page_id=109\" class=\"button white\" style=\"border-radius:99px;\">\n\t\t<span>D\u00e9couvrir<\/span>\n\t<\/a>\n\n\n\n              <\/div>\n           <\/div>\n                            \n<style>\n#text-box-345214355 {\n  width: 82%;\n}\n#text-box-345214355 .text-box-content {\n  font-size: 100%;\n}\n@media (min-width:550px) {\n  #text-box-345214355 {\n    width: 70%;\n  }\n}\n<\/style>\n    <\/div>\n \n\n        <\/div>\n      <\/div>\n\n            \n<style>\n#banner-368325152 {\n  padding-top: 540px;\n  background-color: rgb(113, 117, 186);\n}\n#banner-368325152 .overlay {\n  background-color: rgba(0,0,0,.5);\n}\n#banner-368325152 .banner-bg img {\n  object-position: 30% 0%;\n}\n<\/style>\n  <\/div>\n\n\n\n  <div class=\"banner has-hover has-parallax\" id=\"banner-304223613\">\n          <div class=\"banner-inner fill\">\n        <div class=\"banner-bg fill\" data-parallax=\"-3\" data-parallax-container=\".banner\" data-parallax-background>\n            <img loading=\"lazy\" decoding=\"async\" width=\"1184\" height=\"864\" src=\"https:\/\/ajdr-group.com\/wp-content\/uploads\/2026\/03\/le264-loge-webinaire.png\" class=\"bg attachment-original size-original has-transparency\" alt=\"\" data-has-transparency=\"true\" data-dominant-color=\"76685b\" style=\"--dominant-color: #76685b;\" \/>                        <div class=\"overlay\"><\/div>            \n                    <\/div>\n\t\t\n        <div class=\"banner-layers container\">\n            <div class=\"fill banner-link\"><\/div>            \n\n   <div id=\"text-box-1632162597\" class=\"text-box banner-layer x50 md-x10 lg-x10 y50 md-y50 lg-y50 res-text\">\n                                <div class=\"text-box-content text dark\">\n              \n              <div class=\"text-inner text-center\">\n                  \n\n<h2 class=\"uppercase\"><strong>Le centre de formation<\/strong><\/h2>\n<p>L\u2019organisme de formation <strong data-start=\"386\" data-end=\"400\">AJDR GROUP<\/strong> propose des formations professionnelles dans le domaine de la production audiovisuelle et de la communication vid\u00e9o.<\/p>\n<a href=\"https:\/\/ajdr-group.com\/?page_id=456\" class=\"button white\" style=\"border-radius:99px;\">\n\t\t<span>D\u00e9couvrir<\/span>\n\t<\/a>\n\n\n\n              <\/div>\n           <\/div>\n                            \n<style>\n#text-box-1632162597 {\n  width: 82%;\n}\n#text-box-1632162597 .text-box-content {\n  font-size: 100%;\n}\n@media (min-width:550px) {\n  #text-box-1632162597 {\n    width: 70%;\n  }\n}\n<\/style>\n    <\/div>\n \n\n        <\/div>\n      <\/div>\n\n            \n<style>\n#banner-304223613 {\n  padding-top: 540px;\n  background-color: rgb(113, 117, 186);\n}\n#banner-304223613 .overlay {\n  background-color: rgba(0,0,0,.5);\n}\n#banner-304223613 .banner-bg img {\n  object-position: 58% 67%;\n}\n<\/style>\n  <\/div>\n\n\n<div class=\"row row-collapse row-full-width align-middle\"  id=\"row-1708872996\">\n\n\n\t<div id=\"col-1133493404\" class=\"col medium-6 small-14 large-6\"  >\n\t\t\t\t<div class=\"col-inner\"  >\n\t\t\t\n\t\t\t\n\n\n  <div class=\"banner has-hover has-parallax\" id=\"banner-1446606502\">\n          <div class=\"banner-inner fill\">\n        <div class=\"banner-bg fill\" data-parallax=\"-2\" data-parallax-container=\".banner\" data-parallax-background>\n            <img loading=\"lazy\" decoding=\"async\" width=\"1020\" height=\"1020\" src=\"https:\/\/ajdr-group.com\/wp-content\/uploads\/2026\/03\/le264-paris-champs-elysees.png\" class=\"bg attachment-large size-large has-transparency\" alt=\"le264-paris-champs-elysees\" data-has-transparency=\"true\" data-dominant-color=\"5d6d7f\" style=\"--dominant-color: #5d6d7f;\" \/>                        <div class=\"overlay\"><\/div>            \n                    <\/div>\n\t\t\n        <div class=\"banner-layers container\">\n            <div class=\"fill banner-link\"><\/div>            \n\n   <div id=\"text-box-1139656646\" class=\"text-box banner-layer x50 md-x50 lg-x50 y50 md-y50 lg-y50 res-text\">\n                                <div class=\"text-box-content text dark\">\n              \n              <div class=\"text-inner text-center\">\n                  \n\n\t<div id=\"text-3657886657\" class=\"text\">\n\t\t\n\n<h4 class=\"uppercase\" style=\"text-align: center;\"><strong>nous produisons,<\/strong><\/h4>\n<h4 class=\"uppercase\" style=\"text-align: center;\"><strong>vous brillez.<\/strong><\/h4>\n\t\t\n<style>\n#text-3657886657 {\n  font-size: 0.85rem;\n  line-height: 1.1;\n  text-align: center;\n}\n@media (min-width:550px) {\n  #text-3657886657 {\n    line-height: 1.55;\n  }\n}\n<\/style>\n\t<\/div>\n\t\n\n              <\/div>\n           <\/div>\n                            \n<style>\n#text-box-1139656646 {\n  width: 83%;\n}\n#text-box-1139656646 .text-box-content {\n  font-size: 100%;\n}\n@media (min-width:550px) {\n  #text-box-1139656646 {\n    width: 70%;\n  }\n}\n<\/style>\n    <\/div>\n \n\n        <\/div>\n      <\/div>\n\n            \n<style>\n#banner-1446606502 {\n  padding-top: 113.02%;\n}\n#banner-1446606502 .overlay {\n  background-color: rgba(0,0,0,.5);\n}\n#banner-1446606502 .banner-bg img {\n  object-position: 70% 21%;\n}\n@media (min-width:550px) {\n  #banner-1446606502 {\n    padding-top: 77.12%;\n  }\n}\n<\/style>\n  <\/div>\n\n\n\n\t\t<\/div>\n\t\t\t\t\t<\/div>\n\n\t\n\n\t<div id=\"col-283589033\" class=\"col medium-6 small-17 large-6\"  >\n\t\t\t\t<div class=\"col-inner\"  >\n\t\t\t\n\t\t\t\n\n\t<div class=\"img has-hover x md-x lg-x y md-y lg-y\" id=\"image_817080502\">\n\t\t\t\t\t\t\t\t<div class=\"img-inner dark\" >\n\t\t\t<img loading=\"lazy\" decoding=\"async\" width=\"1151\" height=\"776\" src=\"https:\/\/ajdr-group.com\/wp-content\/uploads\/2024\/03\/clients.png\" class=\"attachment-original size-original\" alt=\"\" srcset=\"https:\/\/ajdr-group.com\/wp-content\/uploads\/2024\/03\/clients.png 1151w, https:\/\/ajdr-group.com\/wp-content\/uploads\/2024\/03\/clients-300x202.png 300w, https:\/\/ajdr-group.com\/wp-content\/uploads\/2024\/03\/clients-1024x690.png 1024w, https:\/\/ajdr-group.com\/wp-content\/uploads\/2024\/03\/clients-768x518.png 768w\" sizes=\"auto, (max-width: 1151px) 100vw, 1151px\" \/>\t\t\t\t\t\t\n\t\t\t\t\t<\/div>\n\t\t\t\t\t\t\t\t\n<style>\n#image_817080502 {\n  width: 100%;\n}\n<\/style>\n\t<\/div>\n\t\n\n\n\t\t<\/div>\n\t\t\t\t\n<style>\n#col-283589033 > .col-inner {\n  padding: 0px 10% 0px 10%;\n}\n<\/style>\n\t<\/div>\n\n\t\n\n<\/div>\n\t<div id=\"gap-1701018190\" class=\"gap-element clearfix\" style=\"display:block; height:auto;\">\n\t\t\n<style>\n#gap-1701018190 {\n  padding-top: 30px;\n}\n<\/style>\n\t<\/div>\n\t\n\n\t<div id=\"text-591865024\" class=\"text\">\n\t\t\n\n<p><strong>AJDR Group<\/strong> est une soci\u00e9t\u00e9 de <strong>production audiovisuelle<\/strong> sp\u00e9cialis\u00e9e dans la cr\u00e9ation de <strong>contenus vid\u00e9o pour le web<\/strong>. Situ\u00e9 au c\u0153ur de Paris, sur les prestigieux <strong>Champs-\u00c9lys\u00e9es<\/strong>, nous offrons des services complets pour la r\u00e9alisation de vid\u00e9os adapt\u00e9es aux <strong>plateformes digitales<\/strong>, aux r\u00e9seaux sociaux, et aux besoins marketing des entreprises. Gr\u00e2ce \u00e0 notre <strong>studio \u00e9quip\u00e9 de deux plateaux<\/strong> professionnels, nous proposons des espaces de tournage sp\u00e9cialement con\u00e7us pour la production de <strong>webinars<\/strong>, de <strong>podcasts<\/strong>, ainsi que d&rsquo;autres types de contenus interactifs pour le web.<\/p>\n<p>Notre \u00e9quipe de cr\u00e9atifs et de techniciens exp\u00e9riment\u00e9s vous accompagne de la <strong>pr\u00e9-production<\/strong> \u00e0 la <strong>post-production<\/strong>, garantissant un service cl\u00e9 en main. AJDR Group est \u00e9galement reconnu pour la <strong>production d&rsquo;\u00e9missions originales<\/strong>, et nous disposons d\u2019un vaste <strong>catalogue de programmes<\/strong> disponibles pour r\u00e9pondre \u00e0 des projets vari\u00e9s, qu\u2019il s\u2019agisse de divertissement, d\u2019information ou de contenus \u00e9ducatifs.<\/p>\n<p>Notre expertise couvre un large \u00e9ventail de formats, incluant le <strong>vid\u00e9o marketing<\/strong>, les <strong>vid\u00e9os corporate<\/strong>, les <strong>interviews<\/strong>, et les <strong>\u00e9v\u00e9nements en ligne<\/strong>. Que vous souhaitiez dynamiser votre communication digitale, lancer une s\u00e9rie d&rsquo;\u00e9missions web, ou produire des podcasts professionnels, nous avons les solutions adapt\u00e9es pour vous. Chaque projet que nous r\u00e9alisons est con\u00e7u pour optimiser votre visibilit\u00e9 sur le web, en respectant les derni\u00e8res tendances en mati\u00e8re de <strong>contenu num\u00e9rique<\/strong> et de <strong>production vid\u00e9o<\/strong>.<\/p>\n<p style=\"text-align: center;\">Gr\u00e2ce \u00e0 notre infrastructure moderne et \u00e0 notre emplacement privil\u00e9gi\u00e9, nous assurons des productions de haute qualit\u00e9 avec un accent particulier sur la cr\u00e9ativit\u00e9, la r\u00e9activit\u00e9 et la ma\u00eetrise technique. Contactez <strong>AJDR Group<\/strong> pour discuter de votre projet audiovisuel et d\u00e9couvrir comment nous pouvons vous aider \u00e0 r\u00e9aliser des contenus vid\u00e9o innovants et percutants pour le web.<\/p>\n\t\t\n<style>\n#text-591865024 {\n  font-size: 1rem;\n  text-align: left;\n}\n<\/style>\n\t<\/div>\n\t\n\n","protected":false},"excerpt":{"rendered":"","protected":false},"author":2,"featured_media":0,"parent":0,"menu_order":0,"comment_status":"closed","ping_status":"closed","template":"page-blank.php","meta":{"footnotes":""},"class_list":["post-19","page","type-page","status-publish","hentry"],"yoast_head":"<!-- This site is optimized with the Yoast SEO plugin v27.1.1 - https:\/\/yoast.com\/product\/yoast-seo-wordpress\/ -->\n<title>AJDR GROUP, votre producteur audiovisuel<\/title>\n<meta name=\"description\" content=\"Nous cr\u00e9ons pour vous du contenu audiovisuel de qualit\u00e9, qui capte l\u2019attention et g\u00e9n\u00e8re des milliers de vues gr\u00e2ce \u00e0 nos partenaires m\u00e9dias.\" \/>\n<meta name=\"robots\" content=\"index, follow, max-snippet:-1, max-image-preview:large, max-video-preview:-1\" \/>\n<link rel=\"canonical\" href=\"https:\/\/ajdr-group.com\/\" \/>\n<meta property=\"og:locale\" content=\"fr_FR\" \/>\n<meta property=\"og:type\" content=\"article\" \/>\n<meta property=\"og:title\" content=\"AJDR GROUP, votre producteur audiovisuel\" \/>\n<meta property=\"og:description\" content=\"Nous cr\u00e9ons pour vous du contenu audiovisuel de qualit\u00e9, qui capte l\u2019attention et g\u00e9n\u00e8re des milliers de vues gr\u00e2ce \u00e0 nos partenaires m\u00e9dias.\" \/>\n<meta property=\"og:url\" content=\"https:\/\/ajdr-group.com\/\" \/>\n<meta property=\"og:site_name\" content=\"AJDR GROUP\" \/>\n<meta property=\"article:modified_time\" content=\"2026-03-16T09:49:46+00:00\" \/>\n<meta name=\"twitter:card\" content=\"summary_large_image\" \/>\n<script type=\"application\/ld+json\" class=\"yoast-schema-graph\">{\"@context\":\"https:\/\/schema.org\",\"@graph\":[{\"@type\":\"WebPage\",\"@id\":\"https:\/\/ajdr-group.com\/\",\"url\":\"https:\/\/ajdr-group.com\/\",\"name\":\"AJDR GROUP, votre producteur audiovisuel\",\"isPartOf\":{\"@id\":\"https:\/\/ajdr-group.com\/#website\"},\"datePublished\":\"2018-09-25T11:53:11+00:00\",\"dateModified\":\"2026-03-16T09:49:46+00:00\",\"description\":\"Nous cr\u00e9ons pour vous du contenu audiovisuel de qualit\u00e9, qui capte l\u2019attention et g\u00e9n\u00e8re des milliers de vues gr\u00e2ce \u00e0 nos partenaires m\u00e9dias.\",\"breadcrumb\":{\"@id\":\"https:\/\/ajdr-group.com\/#breadcrumb\"},\"inLanguage\":\"fr-FR\",\"potentialAction\":[{\"@type\":\"ReadAction\",\"target\":[\"https:\/\/ajdr-group.com\/\"]}]},{\"@type\":\"BreadcrumbList\",\"@id\":\"https:\/\/ajdr-group.com\/#breadcrumb\",\"itemListElement\":[{\"@type\":\"ListItem\",\"position\":1,\"name\":\"Accueil\",\"item\":\"https:\/\/ajdr-group.com\/\"},{\"@type\":\"ListItem\",\"position\":2,\"name\":\"AJDR GROUP, votre producteur audiovisuel\"}]},{\"@type\":\"WebSite\",\"@id\":\"https:\/\/ajdr-group.com\/#website\",\"url\":\"https:\/\/ajdr-group.com\/\",\"name\":\"AJDR GROUP\",\"description\":\"Soci\u00e9t\u00e9 de production audiovisuelle\",\"publisher\":{\"@id\":\"https:\/\/ajdr-group.com\/#organization\"},\"potentialAction\":[{\"@type\":\"SearchAction\",\"target\":{\"@type\":\"EntryPoint\",\"urlTemplate\":\"https:\/\/ajdr-group.com\/?s={search_term_string}\"},\"query-input\":{\"@type\":\"PropertyValueSpecification\",\"valueRequired\":true,\"valueName\":\"search_term_string\"}}],\"inLanguage\":\"fr-FR\"},{\"@type\":\"Organization\",\"@id\":\"https:\/\/ajdr-group.com\/#organization\",\"name\":\"AJDR GROUP\",\"url\":\"https:\/\/ajdr-group.com\/\",\"logo\":{\"@type\":\"ImageObject\",\"inLanguage\":\"fr-FR\",\"@id\":\"https:\/\/ajdr-group.com\/#\/schema\/logo\/image\/\",\"url\":\"https:\/\/ajdr-group.com\/wp-content\/uploads\/2018\/09\/cropped-AJDR-GROUP-v2-1.png\",\"contentUrl\":\"https:\/\/ajdr-group.com\/wp-content\/uploads\/2018\/09\/cropped-AJDR-GROUP-v2-1.png\",\"width\":512,\"height\":512,\"caption\":\"AJDR GROUP\"},\"image\":{\"@id\":\"https:\/\/ajdr-group.com\/#\/schema\/logo\/image\/\"}}]}<\/script>\n<!-- \/ Yoast SEO plugin. -->","yoast_head_json":{"title":"AJDR GROUP, votre producteur audiovisuel","description":"Nous cr\u00e9ons pour vous du contenu audiovisuel de qualit\u00e9, qui capte l\u2019attention et g\u00e9n\u00e8re des milliers de vues gr\u00e2ce \u00e0 nos partenaires m\u00e9dias.","robots":{"index":"index","follow":"follow","max-snippet":"max-snippet:-1","max-image-preview":"max-image-preview:large","max-video-preview":"max-video-preview:-1"},"canonical":"https:\/\/ajdr-group.com\/","og_locale":"fr_FR","og_type":"article","og_title":"AJDR GROUP, votre producteur audiovisuel","og_description":"Nous cr\u00e9ons pour vous du contenu audiovisuel de qualit\u00e9, qui capte l\u2019attention et g\u00e9n\u00e8re des milliers de vues gr\u00e2ce \u00e0 nos partenaires m\u00e9dias.","og_url":"https:\/\/ajdr-group.com\/","og_site_name":"AJDR GROUP","article_modified_time":"2026-03-16T09:49:46+00:00","twitter_card":"summary_large_image","schema":{"@context":"https:\/\/schema.org","@graph":[{"@type":"WebPage","@id":"https:\/\/ajdr-group.com\/","url":"https:\/\/ajdr-group.com\/","name":"AJDR GROUP, votre producteur audiovisuel","isPartOf":{"@id":"https:\/\/ajdr-group.com\/#website"},"datePublished":"2018-09-25T11:53:11+00:00","dateModified":"2026-03-16T09:49:46+00:00","description":"Nous cr\u00e9ons pour vous du contenu audiovisuel de qualit\u00e9, qui capte l\u2019attention et g\u00e9n\u00e8re des milliers de vues gr\u00e2ce \u00e0 nos partenaires m\u00e9dias.","breadcrumb":{"@id":"https:\/\/ajdr-group.com\/#breadcrumb"},"inLanguage":"fr-FR","potentialAction":[{"@type":"ReadAction","target":["https:\/\/ajdr-group.com\/"]}]},{"@type":"BreadcrumbList","@id":"https:\/\/ajdr-group.com\/#breadcrumb","itemListElement":[{"@type":"ListItem","position":1,"name":"Accueil","item":"https:\/\/ajdr-group.com\/"},{"@type":"ListItem","position":2,"name":"AJDR GROUP, votre producteur audiovisuel"}]},{"@type":"WebSite","@id":"https:\/\/ajdr-group.com\/#website","url":"https:\/\/ajdr-group.com\/","name":"AJDR GROUP","description":"Soci\u00e9t\u00e9 de production audiovisuelle","publisher":{"@id":"https:\/\/ajdr-group.com\/#organization"},"potentialAction":[{"@type":"SearchAction","target":{"@type":"EntryPoint","urlTemplate":"https:\/\/ajdr-group.com\/?s={search_term_string}"},"query-input":{"@type":"PropertyValueSpecification","valueRequired":true,"valueName":"search_term_string"}}],"inLanguage":"fr-FR"},{"@type":"Organization","@id":"https:\/\/ajdr-group.com\/#organization","name":"AJDR GROUP","url":"https:\/\/ajdr-group.com\/","logo":{"@type":"ImageObject","inLanguage":"fr-FR","@id":"https:\/\/ajdr-group.com\/#\/schema\/logo\/image\/","url":"https:\/\/ajdr-group.com\/wp-content\/uploads\/2018\/09\/cropped-AJDR-GROUP-v2-1.png","contentUrl":"https:\/\/ajdr-group.com\/wp-content\/uploads\/2018\/09\/cropped-AJDR-GROUP-v2-1.png","width":512,"height":512,"caption":"AJDR GROUP"},"image":{"@id":"https:\/\/ajdr-group.com\/#\/schema\/logo\/image\/"}}]}},"_links":{"self":[{"href":"https:\/\/ajdr-group.com\/index.php?rest_route=\/wp\/v2\/pages\/19","targetHints":{"allow":["GET"]}}],"collection":[{"href":"https:\/\/ajdr-group.com\/index.php?rest_route=\/wp\/v2\/pages"}],"about":[{"href":"https:\/\/ajdr-group.com\/index.php?rest_route=\/wp\/v2\/types\/page"}],"author":[{"embeddable":true,"href":"https:\/\/ajdr-group.com\/index.php?rest_route=\/wp\/v2\/users\/2"}],"replies":[{"embeddable":true,"href":"https:\/\/ajdr-group.com\/index.php?rest_route=%2Fwp%2Fv2%2Fcomments&post=19"}],"version-history":[{"count":79,"href":"https:\/\/ajdr-group.com\/index.php?rest_route=\/wp\/v2\/pages\/19\/revisions"}],"predecessor-version":[{"id":492,"href":"https:\/\/ajdr-group.com\/index.php?rest_route=\/wp\/v2\/pages\/19\/revisions\/492"}],"wp:attachment":[{"href":"https:\/\/ajdr-group.com\/index.php?rest_route=%2Fwp%2Fv2%2Fmedia&parent=19"}],"curies":[{"name":"wp","href":"https:\/\/api.w.org\/{rel}","templated":true}]}}